{"id":13,"date":"2023-05-13T12:34:12","date_gmt":"2023-05-13T12:34:12","guid":{"rendered":"https:\/\/islatortuganevada.com\/?page_id=13"},"modified":"2025-11-12T18:54:19","modified_gmt":"2025-11-12T18:54:19","slug":"tarifas","status":"publish","type":"page","link":"https:\/\/islatortuganevada.com\/index.php\/tarifas\/","title":{"rendered":"Tarifas"},"content":{"rendered":"\t\t<div data-elementor-type=\"wp-page\" data-elementor-id=\"13\" class=\"elementor elementor-13\">\n\t\t\t\t\t\t\t\t\t<section class=\"elementor-section elementor-top-section elementor-element elementor-element-70b2efa elementor-section-full_width elementor-section-height-default elementor-section-height-default tf-sticky-section tf-sticky-no\" data-id=\"70b2efa\" data-element_type=\"section\" data-settings=\"{&quot;background_background&quot;:&quot;classic&quot;,&quot;tf_sticky&quot;:&quot;no&quot;}\">\n\t\t\t\t\t\t\t<div class=\"elementor-background-overlay\"><\/div>\n\t\t\t\t\t\t\t<div class=\"elementor-container elementor-column-gap-default\">\n\t\t\t\t\t<div class=\"elementor-column elementor-col-100 elementor-top-column elementor-element elementor-element-8893baf\" data-id=\"8893baf\" data-element_type=\"column\">\n\t\t\t<div class=\"elementor-widget-wrap elementor-element-populated\">\n\t\t\t\t\t\t\t\t<div class=\"elementor-element elementor-element-278ea3b elementor-widget elementor-widget-spacer\" data-id=\"278ea3b\" data-element_type=\"widget\" data-widget_type=\"spacer.default\">\n\t\t\t\t<div class=\"elementor-widget-container\">\n\t\t\t<style>\/*! elementor - v3.13.2 - 11-05-2023 *\/\n.elementor-column .elementor-spacer-inner{height:var(--spacer-size)}.e-con{--container-widget-width:100%}.e-con-inner>.elementor-widget-spacer,.e-con>.elementor-widget-spacer{width:var(--container-widget-width,var(--spacer-size));--align-self:var(--container-widget-align-self,initial);--flex-shrink:0}.e-con-inner>.elementor-widget-spacer>.elementor-widget-container,.e-con-inner>.elementor-widget-spacer>.elementor-widget-container>.elementor-spacer,.e-con>.elementor-widget-spacer>.elementor-widget-container,.e-con>.elementor-widget-spacer>.elementor-widget-container>.elementor-spacer{height:100%}.e-con-inner>.elementor-widget-spacer>.elementor-widget-container>.elementor-spacer>.elementor-spacer-inner,.e-con>.elementor-widget-spacer>.elementor-widget-container>.elementor-spacer>.elementor-spacer-inner{height:var(--container-widget-height,var(--spacer-size))}<\/style>\t\t<div class=\"elementor-spacer\">\n\t\t\t<div class=\"elementor-spacer-inner\"><\/div>\n\t\t<\/div>\n\t\t\t\t<\/div>\n\t\t\t\t<\/div>\n\t\t\t\t<div class=\"elementor-element elementor-element-a1cacbe elementor-widget elementor-widget-heading\" data-id=\"a1cacbe\" data-element_type=\"widget\" data-widget_type=\"heading.default\">\n\t\t\t\t<div class=\"elementor-widget-container\">\n\t\t\t<style>\/*! elementor - v3.13.2 - 11-05-2023 *\/\n.elementor-heading-title{padding:0;margin:0;line-height:1}.elementor-widget-heading .elementor-heading-title[class*=elementor-size-]>a{color:inherit;font-size:inherit;line-height:inherit}.elementor-widget-heading .elementor-heading-title.elementor-size-small{font-size:15px}.elementor-widget-heading .elementor-heading-title.elementor-size-medium{font-size:19px}.elementor-widget-heading .elementor-heading-title.elementor-size-large{font-size:29px}.elementor-widget-heading .elementor-heading-title.elementor-size-xl{font-size:39px}.elementor-widget-heading .elementor-heading-title.elementor-size-xxl{font-size:59px}<\/style><h2 class=\"elementor-heading-title elementor-size-default\">Tarifas<\/h2>\t\t<\/div>\n\t\t\t\t<\/div>\n\t\t\t\t<section class=\"elementor-section elementor-inner-section elementor-element elementor-element-0010ed2 elementor-section-boxed elementor-section-height-default elementor-section-height-default tf-sticky-section tf-sticky-no\" data-id=\"0010ed2\" data-element_type=\"section\" data-settings=\"{&quot;tf_sticky&quot;:&quot;no&quot;}\">\n\t\t\t\t\t\t<div class=\"elementor-container elementor-column-gap-default\">\n\t\t\t\t\t<div class=\"elementor-column elementor-col-33 elementor-inner-column elementor-element elementor-element-db2cd78\" data-id=\"db2cd78\" data-element_type=\"column\">\n\t\t\t<div class=\"elementor-widget-wrap elementor-element-populated\">\n\t\t\t\t\t\t\t\t<div class=\"elementor-element elementor-element-bc7bd9e elementor-widget elementor-widget-image\" data-id=\"bc7bd9e\" data-element_type=\"widget\" data-widget_type=\"image.default\">\n\t\t\t\t<div class=\"elementor-widget-container\">\n\t\t\t<style>\/*! elementor - v3.13.2 - 11-05-2023 *\/\n.elementor-widget-image{text-align:center}.elementor-widget-image a{display:inline-block}.elementor-widget-image a img[src$=\".svg\"]{width:48px}.elementor-widget-image img{vertical-align:middle;display:inline-block}<\/style>\t\t\t\t\t\t\t\t\t\t\t\t<img loading=\"lazy\" decoding=\"async\" width=\"800\" height=\"800\" src=\"https:\/\/islatortuganevada.com\/wp-content\/uploads\/2023\/05\/Diseno-sin-titulo-2023-05-13T195521.715-1024x1024.png\" class=\"attachment-large size-large wp-image-379\" alt=\"\" srcset=\"https:\/\/islatortuganevada.com\/wp-content\/uploads\/2023\/05\/Diseno-sin-titulo-2023-05-13T195521.715-1024x1024.png 1024w, https:\/\/islatortuganevada.com\/wp-content\/uploads\/2023\/05\/Diseno-sin-titulo-2023-05-13T195521.715-300x300.png 300w, https:\/\/islatortuganevada.com\/wp-content\/uploads\/2023\/05\/Diseno-sin-titulo-2023-05-13T195521.715-150x150.png 150w, https:\/\/islatortuganevada.com\/wp-content\/uploads\/2023\/05\/Diseno-sin-titulo-2023-05-13T195521.715-768x768.png 768w, https:\/\/islatortuganevada.com\/wp-content\/uploads\/2023\/05\/Diseno-sin-titulo-2023-05-13T195521.715-1536x1536.png 1536w, https:\/\/islatortuganevada.com\/wp-content\/uploads\/2023\/05\/Diseno-sin-titulo-2023-05-13T195521.715.png 1654w\" sizes=\"auto, (max-width: 800px) 100vw, 800px\" \/>\t\t\t\t\t\t\t\t\t\t\t\t\t\t\t<\/div>\n\t\t\t\t<\/div>\n\t\t\t\t\t<\/div>\n\t\t<\/div>\n\t\t\t\t<div class=\"elementor-column elementor-col-33 elementor-inner-column elementor-element elementor-element-3db98a0\" data-id=\"3db98a0\" data-element_type=\"column\">\n\t\t\t<div class=\"elementor-widget-wrap elementor-element-populated\">\n\t\t\t\t\t\t\t\t<div class=\"elementor-element elementor-element-34c5780 elementor-widget elementor-widget-image\" data-id=\"34c5780\" data-element_type=\"widget\" data-widget_type=\"image.default\">\n\t\t\t\t<div class=\"elementor-widget-container\">\n\t\t\t\t\t\t\t\t\t\t\t\t\t\t\t<img loading=\"lazy\" decoding=\"async\" width=\"724\" height=\"1024\" src=\"https:\/\/islatortuganevada.com\/wp-content\/uploads\/2025\/11\/PRECIOS-ISLA-TORTUGA_page-0001-1-724x1024.jpg\" class=\"attachment-large size-large wp-image-906\" alt=\"\" srcset=\"https:\/\/islatortuganevada.com\/wp-content\/uploads\/2025\/11\/PRECIOS-ISLA-TORTUGA_page-0001-1-724x1024.jpg 724w, https:\/\/islatortuganevada.com\/wp-content\/uploads\/2025\/11\/PRECIOS-ISLA-TORTUGA_page-0001-1-212x300.jpg 212w, https:\/\/islatortuganevada.com\/wp-content\/uploads\/2025\/11\/PRECIOS-ISLA-TORTUGA_page-0001-1-768x1086.jpg 768w, https:\/\/islatortuganevada.com\/wp-content\/uploads\/2025\/11\/PRECIOS-ISLA-TORTUGA_page-0001-1-1086x1536.jpg 1086w, https:\/\/islatortuganevada.com\/wp-content\/uploads\/2025\/11\/PRECIOS-ISLA-TORTUGA_page-0001-1.jpg 1241w\" sizes=\"auto, (max-width: 724px) 100vw, 724px\" \/>\t\t\t\t\t\t\t\t\t\t\t\t\t\t\t<\/div>\n\t\t\t\t<\/div>\n\t\t\t\t\t<\/div>\n\t\t<\/div>\n\t\t\t\t<div class=\"elementor-column elementor-col-33 elementor-inner-column elementor-element elementor-element-64ed353\" data-id=\"64ed353\" data-element_type=\"column\">\n\t\t\t<div class=\"elementor-widget-wrap elementor-element-populated\">\n\t\t\t\t\t\t\t\t<div class=\"elementor-element elementor-element-21a8a9c elementor-widget elementor-widget-image\" data-id=\"21a8a9c\" data-element_type=\"widget\" data-widget_type=\"image.default\">\n\t\t\t\t<div class=\"elementor-widget-container\">\n\t\t\t\t\t\t\t\t\t\t\t\t\t\t\t<img loading=\"lazy\" decoding=\"async\" width=\"800\" height=\"998\" src=\"https:\/\/islatortuganevada.com\/wp-content\/uploads\/2023\/05\/chica-pirata.pdf-821x1024.png\" class=\"attachment-large size-large wp-image-378\" alt=\"\" srcset=\"https:\/\/islatortuganevada.com\/wp-content\/uploads\/2023\/05\/chica-pirata.pdf-821x1024.png 821w, https:\/\/islatortuganevada.com\/wp-content\/uploads\/2023\/05\/chica-pirata.pdf-240x300.png 240w, https:\/\/islatortuganevada.com\/wp-content\/uploads\/2023\/05\/chica-pirata.pdf-768x958.png 768w, https:\/\/islatortuganevada.com\/wp-content\/uploads\/2023\/05\/chica-pirata.pdf-1231x1536.png 1231w, https:\/\/islatortuganevada.com\/wp-content\/uploads\/2023\/05\/chica-pirata.pdf.png 1603w\" sizes=\"auto, (max-width: 800px) 100vw, 800px\" \/>\t\t\t\t\t\t\t\t\t\t\t\t\t\t\t<\/div>\n\t\t\t\t<\/div>\n\t\t\t\t\t<\/div>\n\t\t<\/div>\n\t\t\t\t\t\t\t<\/div>\n\t\t<\/section>\n\t\t\t\t\t<\/div>\n\t\t<\/div>\n\t\t\t\t\t\t\t<\/div>\n\t\t<\/section>\n\t\t\t\t<section class=\"elementor-section elementor-top-section elementor-element elementor-element-8bd9274 elementor-section-full_width elementor-section-height-default elementor-section-height-default tf-sticky-section tf-sticky-no\" data-id=\"8bd9274\" data-element_type=\"section\" data-settings=\"{&quot;background_background&quot;:&quot;classic&quot;,&quot;tf_sticky&quot;:&quot;no&quot;}\">\n\t\t\t\t\t\t\t<div class=\"elementor-background-overlay\"><\/div>\n\t\t\t\t\t\t\t<div class=\"elementor-container elementor-column-gap-default\">\n\t\t\t\t\t<div class=\"elementor-column elementor-col-100 elementor-top-column elementor-element elementor-element-005b28f\" data-id=\"005b28f\" data-element_type=\"column\">\n\t\t\t<div class=\"elementor-widget-wrap elementor-element-populated\">\n\t\t\t\t\t\t\t\t<section class=\"elementor-section elementor-inner-section elementor-element elementor-element-dddff04 elementor-section-content-space-between elementor-section-boxed elementor-section-height-default elementor-section-height-default tf-sticky-section tf-sticky-no\" data-id=\"dddff04\" data-element_type=\"section\" data-settings=\"{&quot;tf_sticky&quot;:&quot;no&quot;}\">\n\t\t\t\t\t\t<div class=\"elementor-container elementor-column-gap-default\">\n\t\t\t\t\t<div class=\"elementor-column elementor-col-50 elementor-inner-column elementor-element elementor-element-3c053a6\" data-id=\"3c053a6\" data-element_type=\"column\">\n\t\t\t<div class=\"elementor-widget-wrap elementor-element-populated\">\n\t\t\t\t\t\t\t\t<div class=\"elementor-element elementor-element-043d65c elementor-widget elementor-widget-text-editor\" data-id=\"043d65c\" data-element_type=\"widget\" data-widget_type=\"text-editor.default\">\n\t\t\t\t<div class=\"elementor-widget-container\">\n\t\t\t<style>\/*! elementor - v3.13.2 - 11-05-2023 *\/\n.elementor-widget-text-editor.elementor-drop-cap-view-stacked .elementor-drop-cap{background-color:#69727d;color:#fff}.elementor-widget-text-editor.elementor-drop-cap-view-framed .elementor-drop-cap{color:#69727d;border:3px solid;background-color:transparent}.elementor-widget-text-editor:not(.elementor-drop-cap-view-default) .elementor-drop-cap{margin-top:8px}.elementor-widget-text-editor:not(.elementor-drop-cap-view-default) .elementor-drop-cap-letter{width:1em;height:1em}.elementor-widget-text-editor .elementor-drop-cap{float:left;text-align:center;line-height:1;font-size:50px}.elementor-widget-text-editor .elementor-drop-cap-letter{display:inline-block}<\/style>\t\t\t\t<p>Nuestro parque funciona con una tarjeta exclusiva recargable que se pasa por el lector situado en las m\u00e1quinas y atracciones. Los euros que recargamos se convierten en cr\u00e9ditos, nuestro sistema de pago d\u00f3nde 4 cr\u00e9ditos equivalen a 1\u20ac. \u00a0<\/p><p>Las m\u00e1quinas van desde los 4 a los 6 cr\u00e9ditos (1 a los 1,5\u20ac). Las atracciones van desde los 20 a los 36 cr\u00e9ditos (5 a los 9 euros) de lunes a jueves. Los precios cambiar\u00e1n viernes, s\u00e1bados, domingos, festivos (nacionales y escolares) y v\u00edsperas de festivos, que van desde los 22 a los 44 cr\u00e9ditos (5,5 a los 11 euros).<\/p><p>Adem\u00e1s, ofrecemos bonos, para que conforme mayor sean las recargas, mayores cr\u00e9ditos se regalen.\u00a0<span style=\"font-family: -apple-system, BlinkMacSystemFont, 'Segoe UI', Roboto, 'Helvetica Neue', Arial, 'Noto Sans', sans-serif, 'Apple Color Emoji', 'Segoe UI Emoji', 'Segoe UI Symbol', 'Noto Color Emoji'; font-size: 1rem;\">Las recargas que realizamos en la tarjeta no caducan, por lo tanto, los tickets y cr\u00e9ditos permanecer\u00e1n en la misma. Las recargas realizadas no tienen devoluci\u00f3n. La tarjeta tiene un coste de 50 cent.<\/span><\/p><p>La empresa no se hace responsable de p\u00e9rdidas, da\u00f1os o robo de la tarjeta, sin embargo, si la tarjeta se ha registrado a trav\u00e9s de nuestra p\u00e1gina web, podremos traspasar su saldo a una nueva tarjeta.<\/p>\t\t\t\t\t\t<\/div>\n\t\t\t\t<\/div>\n\t\t\t\t\t<\/div>\n\t\t<\/div>\n\t\t\t\t<div class=\"elementor-column elementor-col-50 elementor-inner-column elementor-element elementor-element-db820fc\" data-id=\"db820fc\" data-element_type=\"column\">\n\t\t\t<div class=\"elementor-widget-wrap elementor-element-populated\">\n\t\t\t\t\t\t\t\t<div class=\"elementor-element elementor-element-d287ae1 elementor-absolute elementor-widget elementor-widget-image\" data-id=\"d287ae1\" data-element_type=\"widget\" data-settings=\"{&quot;_position&quot;:&quot;absolute&quot;}\" data-widget_type=\"image.default\">\n\t\t\t\t<div class=\"elementor-widget-container\">\n\t\t\t\t\t\t\t\t\t\t\t\t\t\t\t<img loading=\"lazy\" decoding=\"async\" width=\"576\" height=\"1024\" src=\"https:\/\/islatortuganevada.com\/wp-content\/uploads\/2023\/05\/TARIFAS-BONOS-576x1024.jpg\" class=\"attachment-large size-large wp-image-342\" alt=\"\" srcset=\"https:\/\/islatortuganevada.com\/wp-content\/uploads\/2023\/05\/TARIFAS-BONOS-576x1024.jpg 576w, https:\/\/islatortuganevada.com\/wp-content\/uploads\/2023\/05\/TARIFAS-BONOS-169x300.jpg 169w, https:\/\/islatortuganevada.com\/wp-content\/uploads\/2023\/05\/TARIFAS-BONOS-768x1366.jpg 768w, https:\/\/islatortuganevada.com\/wp-content\/uploads\/2023\/05\/TARIFAS-BONOS-863x1536.jpg 863w, https:\/\/islatortuganevada.com\/wp-content\/uploads\/2023\/05\/TARIFAS-BONOS-1151x2048.jpg 1151w, https:\/\/islatortuganevada.com\/wp-content\/uploads\/2023\/05\/TARIFAS-BONOS-scaled.jpg 1439w\" sizes=\"auto, (max-width: 576px) 100vw, 576px\" \/>\t\t\t\t\t\t\t\t\t\t\t\t\t\t\t<\/div>\n\t\t\t\t<\/div>\n\t\t\t\t\t<\/div>\n\t\t<\/div>\n\t\t\t\t\t\t\t<\/div>\n\t\t<\/section>\n\t\t\t\t\t<\/div>\n\t\t<\/div>\n\t\t\t\t\t\t\t<\/div>\n\t\t<\/section>\n\t\t\t\t<section class=\"elementor-section elementor-top-section elementor-element elementor-element-14a982c elementor-section-full_width elementor-section-height-default elementor-section-height-default tf-sticky-section tf-sticky-no\" data-id=\"14a982c\" data-element_type=\"section\" data-settings=\"{&quot;background_background&quot;:&quot;classic&quot;,&quot;tf_sticky&quot;:&quot;no&quot;}\">\n\t\t\t\t\t\t\t<div class=\"elementor-background-overlay\"><\/div>\n\t\t\t\t\t\t\t<div class=\"elementor-container elementor-column-gap-default\">\n\t\t\t\t\t<div class=\"elementor-column elementor-col-100 elementor-top-column elementor-element elementor-element-09d1a8f\" data-id=\"09d1a8f\" data-element_type=\"column\">\n\t\t\t<div class=\"elementor-widget-wrap elementor-element-populated\">\n\t\t\t\t\t\t\t\t<div class=\"elementor-element elementor-element-f43fdfd elementor-widget elementor-widget-spacer\" data-id=\"f43fdfd\" data-element_type=\"widget\" data-widget_type=\"spacer.default\">\n\t\t\t\t<div class=\"elementor-widget-container\">\n\t\t\t\t\t<div class=\"elementor-spacer\">\n\t\t\t<div class=\"elementor-spacer-inner\"><\/div>\n\t\t<\/div>\n\t\t\t\t<\/div>\n\t\t\t\t<\/div>\n\t\t\t\t<div class=\"elementor-element elementor-element-47681d7 elementor-widget elementor-widget-spacer\" data-id=\"47681d7\" data-element_type=\"widget\" data-widget_type=\"spacer.default\">\n\t\t\t\t<div class=\"elementor-widget-container\">\n\t\t\t\t\t<div class=\"elementor-spacer\">\n\t\t\t<div class=\"elementor-spacer-inner\"><\/div>\n\t\t<\/div>\n\t\t\t\t<\/div>\n\t\t\t\t<\/div>\n\t\t\t\t<section class=\"elementor-section elementor-inner-section elementor-element elementor-element-bf1a301 elementor-section-boxed elementor-section-height-default elementor-section-height-default tf-sticky-section tf-sticky-no\" data-id=\"bf1a301\" data-element_type=\"section\" data-settings=\"{&quot;tf_sticky&quot;:&quot;no&quot;}\">\n\t\t\t\t\t\t<div class=\"elementor-container elementor-column-gap-default\">\n\t\t\t\t\t<div class=\"elementor-column elementor-col-33 elementor-inner-column elementor-element elementor-element-e18c763\" data-id=\"e18c763\" data-element_type=\"column\">\n\t\t\t<div class=\"elementor-widget-wrap\">\n\t\t\t\t\t\t\t\t\t<\/div>\n\t\t<\/div>\n\t\t\t\t<div class=\"elementor-column elementor-col-33 elementor-inner-column elementor-element elementor-element-b161fdd\" data-id=\"b161fdd\" data-element_type=\"column\">\n\t\t\t<div class=\"elementor-widget-wrap elementor-element-populated\">\n\t\t\t\t\t\t\t\t<div class=\"elementor-element elementor-element-62ab026 elementor-widget__width-auto elementor-widget elementor-widget-tf-scroll-top\" data-id=\"62ab026\" data-element_type=\"widget\" data-widget_type=\"tf-scroll-top.default\">\n\t\t\t\t<div class=\"elementor-widget-container\">\n\t\t\t\t\t<div id=\"tf-scroll-top\" class=\"tf-scroll-top only-show  \" data-tabid=\"62ab026\" data-type=\"only-show\">\r\n\t\t\t<a href=\"#\" class=\"inner-scroll-top\">\r\n\t\t\t\t<span class=\"icon-scroll-top\"><i aria-hidden=\"true\" class=\"far fa-arrow-alt-circle-up\"><\/i><\/span>\r\n\t\t\t<\/a>\r\n\t\t<\/div>\r\n\t\t\t\t<\/div>\n\t\t\t\t<\/div>\n\t\t\t\t<div class=\"elementor-element elementor-element-ac5692f elementor-widget elementor-widget-spacer\" data-id=\"ac5692f\" data-element_type=\"widget\" data-widget_type=\"spacer.default\">\n\t\t\t\t<div class=\"elementor-widget-container\">\n\t\t\t\t\t<div class=\"elementor-spacer\">\n\t\t\t<div class=\"elementor-spacer-inner\"><\/div>\n\t\t<\/div>\n\t\t\t\t<\/div>\n\t\t\t\t<\/div>\n\t\t\t\t\t<\/div>\n\t\t<\/div>\n\t\t\t\t<div class=\"elementor-column elementor-col-33 elementor-inner-column elementor-element elementor-element-7894f36\" data-id=\"7894f36\" data-element_type=\"column\">\n\t\t\t<div class=\"elementor-widget-wrap\">\n\t\t\t\t\t\t\t\t\t<\/div>\n\t\t<\/div>\n\t\t\t\t\t\t\t<\/div>\n\t\t<\/section>\n\t\t\t\t\t<\/div>\n\t\t<\/div>\n\t\t\t\t\t\t\t<\/div>\n\t\t<\/section>\n\t\t\t\t\t\t\t<\/div>\n\t\t","protected":false},"excerpt":{"rendered":"<p>Tarifas Nuestro parque funciona con una tarjeta exclusiva recargable que se pasa por el lector situado en las m\u00e1quinas y atracciones. Los euros que recargamos se convierten en cr\u00e9ditos, nuestro sistema de pago d\u00f3nde 4 cr\u00e9ditos equivalen a 1\u20ac. \u00a0 Las m\u00e1quinas van desde los 4 a los 6 cr\u00e9ditos (1 a los 1,5\u20ac). Las [&hellip;]<\/p>\n","protected":false},"author":1,"featured_media":0,"parent":0,"menu_order":0,"comment_status":"closed","ping_status":"closed","template":"","meta":{"footnotes":""},"class_list":["post-13","page","type-page","status-publish","hentry"],"_links":{"self":[{"href":"https:\/\/islatortuganevada.com\/index.php\/wp-json\/wp\/v2\/pages\/13","targetHints":{"allow":["GET"]}}],"collection":[{"href":"https:\/\/islatortuganevada.com\/index.php\/wp-json\/wp\/v2\/pages"}],"about":[{"href":"https:\/\/islatortuganevada.com\/index.php\/wp-json\/wp\/v2\/types\/page"}],"author":[{"embeddable":true,"href":"https:\/\/islatortuganevada.com\/index.php\/wp-json\/wp\/v2\/users\/1"}],"replies":[{"embeddable":true,"href":"https:\/\/islatortuganevada.com\/index.php\/wp-json\/wp\/v2\/comments?post=13"}],"version-history":[{"count":49,"href":"https:\/\/islatortuganevada.com\/index.php\/wp-json\/wp\/v2\/pages\/13\/revisions"}],"predecessor-version":[{"id":912,"href":"https:\/\/islatortuganevada.com\/index.php\/wp-json\/wp\/v2\/pages\/13\/revisions\/912"}],"wp:attachment":[{"href":"https:\/\/islatortuganevada.com\/index.php\/wp-json\/wp\/v2\/media?parent=13"}],"curies":[{"name":"wp","href":"https:\/\/api.w.org\/{rel}","templated":true}]}}